{"id":3730,"date":"2023-05-25T03:11:53","date_gmt":"2023-05-25T03:11:53","guid":{"rendered":"https:\/\/www.marex-distribution.com\/marex-distribution\/"},"modified":"2023-05-25T03:18:19","modified_gmt":"2023-05-25T03:18:19","slug":"marex-distribution","status":"publish","type":"page","link":"https:\/\/www.marex-distribution.com\/es\/","title":{"rendered":"Marex Distribution"},"content":{"rendered":"<section class=\"wpb-content-wrapper\"><p>[vc_row full_width=&#8221;stretch_row_content_no_spaces&#8221; el_id=&#8221;home&#8221;][vc_column][rev_slider_vc alias=&#8221;slider_11&#8243;][\/vc_column][\/vc_row][vc_row css=&#8221;.vc_custom_1536799169231{padding-top: 80px !important;padding-bottom: 80px !important;}&#8221; el_id=&#8221;sectors&#8221;][vc_column][vc_row_inner css=&#8221;.vc_custom_1490755267374{padding-bottom: 50px !important;}&#8221;][vc_column_inner width=&#8221;1\/4&#8243;]<div class=\"fh-section-title clearfix  text-left style-1\">\n                <h2>Nuestros servicios<\/h2>\n            <\/div>[\/vc_column_inner][vc_column_inner width=&#8221;2\/3&#8243;][vc_column_text]<\/p>\n<p style=\"font-size: 20px; font-weight: 300;\">M\u00e1s de 30 a\u00f1os de experiencia &amp; conocimiento de los sistemas industriales internacionales, dedicados a brindar las mejores soluciones econ\u00f3micas a nuestros valiosos clientes.<\/p>\n<p>[\/vc_column_text][\/vc_column_inner][vc_column_inner width=&#8221;1\/12&#8243;][\/vc_column_inner][\/vc_row_inner][vc_row_inner][vc_column_inner]<div class=\"fh-service  service-carousel\">\n                <div class=\"service-list \" id=\"service-slider-69e01ae835700\"><div class=\"item-service \">\n\t\t\t\t\t<div class=\"service-content\">\n\t\t\t\t\t\t<div class=\"entry-thumbnail\">\n\t\t\t\t\t\t\t<div class=\"overlay\" style=\"background-color:rgba(230,34,52,0.8)\"><\/div>\n\t\t\t\t\t\t\t<!-- <a href=\"https:\/\/www.marex-distribution.com\/es\/service\/petroleo-y-gas\/\"><\/a> -->\n\t\t\t\t\t\t\t<img width=\"270\" height=\"170\" src=\"https:\/\/www.marex-distribution.com\/media\/service6.jpg\" class=\"attachment-factoryhub-blog-grid-3-thumb size-factoryhub-blog-grid-3-thumb wp-post-image\" alt=\"\" decoding=\"async\" loading=\"lazy\" \/>\n\t\t\t\t\t\t<\/div>\n\t\t\t\t\t\t<h2 class=\"entry-title\"><a class=\"https:\/\/www.marex-distribution.com\/es\/service\/petroleo-y-gas\/\" style=\"display:none;\"><\/a>Petr\u00f3leo y Gas<\/h2>\n\t\t\t\t\t\t<p>La industria del petr\u00f3leo, m\u00e1s com\u00fanmente conocida como la industria del petr\u00f3leo y el gas, es uno de los sectores industriales m\u00e1s grandes del planeta y se ocupa de los complejos procesos de exploraci\u00f3n, extracci\u00f3n, refinaci\u00f3n, transporte (a menudo por petroleros y oleoductos) y comercializaci\u00f3n (ventas). y distribuci\u00f3n) de productos derivados del petr\u00f3leo.<\/p>\n\t\t\t\t\t<\/div>\n\t\t\t\t<\/div><div class=\"item-service \">\n\t\t\t\t\t<div class=\"service-content\">\n\t\t\t\t\t\t<div class=\"entry-thumbnail\">\n\t\t\t\t\t\t\t<div class=\"overlay\" style=\"background-color:rgba(230,34,52,0.8)\"><\/div>\n\t\t\t\t\t\t\t<!-- <a href=\"https:\/\/www.marex-distribution.com\/es\/service\/ingenieria-mecanica\/\"><\/a> -->\n\t\t\t\t\t\t\t<img width=\"270\" height=\"170\" src=\"https:\/\/www.marex-distribution.com\/media\/service5.jpg\" class=\"attachment-factoryhub-blog-grid-3-thumb size-factoryhub-blog-grid-3-thumb wp-post-image\" alt=\"\" decoding=\"async\" loading=\"lazy\" \/>\n\t\t\t\t\t\t<\/div>\n\t\t\t\t\t\t<h2 class=\"entry-title\"><a class=\"https:\/\/www.marex-distribution.com\/es\/service\/ingenieria-mecanica\/\" style=\"display:none;\"><\/a>Ingenier\u00eda Mec\u00e1nica<\/h2>\n\t\t\t\t\t\t<p>La ingenier\u00eda mec\u00e1nica es una rama de la ciencia que aplica las ciencias f\u00edsicas y biol\u00f3gicas para producir y utilizar productos qu\u00edmicos, materiales y energ\u00eda. Los ingenieros dise\u00f1an plantas de fabricaci\u00f3n, equipos y maquinaria industriales, sistemas de calefacci\u00f3n y refrigeraci\u00f3n, sistemas de transporte, aeronaves, rob\u00f3tica y dispositivos m\u00e9dicos.<\/p>\n\t\t\t\t\t<\/div>\n\t\t\t\t<\/div><div class=\"item-service \">\n\t\t\t\t\t<div class=\"service-content\">\n\t\t\t\t\t\t<div class=\"entry-thumbnail\">\n\t\t\t\t\t\t\t<div class=\"overlay\" style=\"background-color:rgba(230,34,52,0.8)\"><\/div>\n\t\t\t\t\t\t\t<!-- <a href=\"https:\/\/www.marex-distribution.com\/es\/service\/industria-automotriz\/\"><\/a> -->\n\t\t\t\t\t\t\t<img width=\"370\" height=\"230\" src=\"https:\/\/www.marex-distribution.com\/media\/automotive-industry-370x230.jpg\" class=\"attachment-factoryhub-blog-grid-3-thumb size-factoryhub-blog-grid-3-thumb wp-post-image\" alt=\"\" decoding=\"async\" loading=\"lazy\" \/>\n\t\t\t\t\t\t<\/div>\n\t\t\t\t\t\t<h2 class=\"entry-title\"><a class=\"https:\/\/www.marex-distribution.com\/es\/service\/industria-automotriz\/\" style=\"display:none;\"><\/a>Industria automotriz<\/h2>\n\t\t\t\t\t\t<p>La industria automotriz es una amplia gama de empresas y organizaciones involucradas en el dise\u00f1o, desarrollo, fabricaci\u00f3n, comercializaci\u00f3n y venta de veh\u00edculos de motor. Es uno de los sectores econ\u00f3micos m\u00e1s importantes del mundo y se extiende al mantenimiento mediante el suministro de repuestos para autom\u00f3viles y otros servicios.<\/p>\n\t\t\t\t\t<\/div>\n\t\t\t\t<\/div><div class=\"item-service \">\n\t\t\t\t\t<div class=\"service-content\">\n\t\t\t\t\t\t<div class=\"entry-thumbnail\">\n\t\t\t\t\t\t\t<div class=\"overlay\" style=\"background-color:rgba(230,34,52,0.8)\"><\/div>\n\t\t\t\t\t\t\t<!-- <a href=\"https:\/\/www.marex-distribution.com\/es\/service\/ingenieria-de-materiales\/\"><\/a> -->\n\t\t\t\t\t\t\t<img width=\"270\" height=\"170\" src=\"https:\/\/www.marex-distribution.com\/media\/service3.jpg\" class=\"attachment-factoryhub-blog-grid-3-thumb size-factoryhub-blog-grid-3-thumb wp-post-image\" alt=\"\" decoding=\"async\" loading=\"lazy\" \/>\n\t\t\t\t\t\t<\/div>\n\t\t\t\t\t\t<h2 class=\"entry-title\"><a class=\"https:\/\/www.marex-distribution.com\/es\/service\/ingenieria-de-materiales\/\" style=\"display:none;\"><\/a>Ingenier\u00eda de materiales<\/h2>\n\t\t\t\t\t\t<p>Los nuevos materiales han sido uno de los mayores logros de todas las \u00e9pocas y fundamentales para la prosperidad, la seguridad y la calidad de vida desde el comienzo de la historia. Abren la puerta a las nuevas tecnolog\u00edas, ya sean de ingenier\u00eda qu\u00edmica, de la construcci\u00f3n, nuclear, aeron\u00e1utica, agr\u00edcola, mec\u00e1nica, biom\u00e9dica o el\u00e9ctrica.<\/p>\n\t\t\t\t\t<\/div>\n\t\t\t\t<\/div><div class=\"item-service \">\n\t\t\t\t\t<div class=\"service-content\">\n\t\t\t\t\t\t<div class=\"entry-thumbnail\">\n\t\t\t\t\t\t\t<div class=\"overlay\" style=\"background-color:rgba(230,34,52,0.8)\"><\/div>\n\t\t\t\t\t\t\t<!-- <a href=\"https:\/\/www.marex-distribution.com\/es\/service\/ingenieria-quimica\/\"><\/a> -->\n\t\t\t\t\t\t\t<img width=\"270\" height=\"170\" src=\"https:\/\/www.marex-distribution.com\/media\/service2.jpg\" class=\"attachment-factoryhub-blog-grid-3-thumb size-factoryhub-blog-grid-3-thumb wp-post-image\" alt=\"\" decoding=\"async\" loading=\"lazy\" \/>\n\t\t\t\t\t\t<\/div>\n\t\t\t\t\t\t<h2 class=\"entry-title\"><a class=\"https:\/\/www.marex-distribution.com\/es\/service\/ingenieria-quimica\/\" style=\"display:none;\"><\/a>Ingenier\u00eda Qu\u00edmica<\/h2>\n\t\t\t\t\t\t<p>La ingenier\u00eda qu\u00edmica es una disciplina que influye en numerosas \u00e1reas de la tecnolog\u00eda. En t\u00e9rminos generales, los ingenieros qu\u00edmicos conciben y dise\u00f1an procesos para producir, transformar y transportar materiales, comenzando con la experimentaci\u00f3n en el laboratorio seguida de la implementaci\u00f3n de la tecnolog\u00eda en la producci\u00f3n a gran escala.<\/p>\n\t\t\t\t\t<\/div>\n\t\t\t\t<\/div><div class=\"item-service \">\n\t\t\t\t\t<div class=\"service-content\">\n\t\t\t\t\t\t<div class=\"entry-thumbnail\">\n\t\t\t\t\t\t\t<div class=\"overlay\" style=\"background-color:rgba(230,34,52,0.8)\"><\/div>\n\t\t\t\t\t\t\t<!-- <a href=\"https:\/\/www.marex-distribution.com\/es\/service\/poder-y-energia\/\"><\/a> -->\n\t\t\t\t\t\t\t<img width=\"270\" height=\"170\" src=\"https:\/\/www.marex-distribution.com\/media\/service4.jpg\" class=\"attachment-factoryhub-blog-grid-3-thumb size-factoryhub-blog-grid-3-thumb wp-post-image\" alt=\"\" decoding=\"async\" loading=\"lazy\" \/>\n\t\t\t\t\t\t<\/div>\n\t\t\t\t\t\t<h2 class=\"entry-title\"><a class=\"https:\/\/www.marex-distribution.com\/es\/service\/poder-y-energia\/\" style=\"display:none;\"><\/a>Poder y Energ\u00eda<\/h2>\n\t\t\t\t\t\t<p>La industria energ\u00e9tica se ocupa de la producci\u00f3n y venta de energ\u00eda, incluida la extracci\u00f3n, fabricaci\u00f3n, refinaci\u00f3n y distribuci\u00f3n de combustibles. Las sociedades modernas consumen grandes cantidades de combustible y la industria energ\u00e9tica es una parte crucial del mantenimiento de la infraestructura de la sociedad en casi todos los pa\u00edses.<\/p>\n\t\t\t\t\t<\/div>\n\t\t\t\t<\/div><\/div>\n            <\/div>[\/vc_column_inner][\/vc_row_inner][\/vc_column][\/vc_row][vc_row enable_parallax=&#8221;yes&#8221; css=&#8221;.vc_custom_1536813032419{padding-top: 85px !important;padding-bottom: 85px !important;background-image: url(https:\/\/www.marex-distribution.com\/media\/bg-iconbox-1.jpg?id=1598) !important;}&#8221;][vc_column][vc_row_inner][vc_column_inner width=&#8221;1\/3&#8243;]<div class=\" fh-icon-box-4 dark-version icon-center\" style=\"background-image: url()\"> <span class=\"fh-icon\"><i class=\"factory-mechanic\"><\/i><\/span> <h4>Para Proveedores<\/h4><div class=\"desc\"><p>Somos un socio competitivo para distribuir cualquier tipo de soluci\u00f3n industrial y de ingenier\u00eda, bien establecido en el coraz\u00f3n del mercado rumano. Nos hemos asociado con empresas internacionales l\u00edderes y hemos desarrollado una demanda s\u00f3lida y constante de productos y soluciones.<\/p>\n<\/div><a class=\"icon-box-link\" href=\"#about\" target=\"_self\">Leer M\u00e1s<i class=\"fa fa-long-arrow-right\" aria-hidden=\"true\"><\/i><\/a><\/div>[\/vc_column_inner][vc_column_inner width=&#8221;1\/3&#8243;]<div class=\" fh-icon-box-4 dark-version icon-center\" style=\"background-image: url()\"> <span class=\"fh-icon\"><i class=\"flaticon-mathematics\"><\/i><\/span> <h4>Para los compradores<\/h4><div class=\"desc\"><p>Tenemos un s\u00f3lido historial en la resoluci\u00f3n de problemas para clientes en una amplia gama de sectores industriales, en base a una comprensi\u00f3n clara de sus necesidades \u00fanicas. Somos un proveedor universal de cualquier producto industrial y un distribuidor autorizado para \u00e1reas de marcas l\u00edderes en la mayor\u00eda de las industrias.<\/p>\n<\/div><a class=\"icon-box-link\" href=\"#about\" target=\"_self\">Leer M\u00e1s<i class=\"fa fa-long-arrow-right\" aria-hidden=\"true\"><\/i><\/a><\/div>[\/vc_column_inner][vc_column_inner width=&#8221;1\/3&#8243;]<div class=\" fh-icon-box-4 dark-version icon-center\" style=\"background-image: url()\"> <span class=\"fh-icon\"><i class=\"factory-quality\"><\/i><\/span> <h4>Seguro de calidad<\/h4><div class=\"desc\"><p>Como subsidiaria de M&#038;R Group en Rumania, compartimos la experiencia de m\u00e1s de tres d\u00e9cadas de trabajo con soluciones de cadena de suministro para permitir un flujo completo de entrega de materiales desde cualquier lugar del mundo. Nos esforzamos por ofrecer lo mejor en calidad de productos y servicios industriales.<\/p>\n<\/div><a class=\"icon-box-link\" href=\"#about\" target=\"_self\">Leer M\u00e1s<i class=\"fa fa-long-arrow-right\" aria-hidden=\"true\"><\/i><\/a><\/div>[\/vc_column_inner][\/vc_row_inner][\/vc_column][\/vc_row][vc_row css=&#8221;.vc_custom_1536804761409{padding-top: 70px !important;padding-bottom: 80px !important;}&#8221; el_id=&#8221;about&#8221;][vc_column]<div class=\"fh-section-title clearfix  text-center style-1\">\n                <h2>About Us<\/h2>\n            <\/div>[vc_row_inner equal_height=&#8221;yes&#8221; gap=&#8221;20&#8243; css=&#8221;.vc_custom_1536809853200{margin-top: 50px !important;}&#8221;][vc_column_inner width=&#8221;1\/3&#8243;][vc_single_image image=&#8221;170&#8243; img_size=&#8221;large&#8221; alignment=&#8221;center&#8221; css=&#8221;.vc_custom_1536813961131{margin-bottom: 25px !important;}&#8221;][vc_column_text]<\/p>\n<div class=\"fh-service-list \">\n<ul>\n<li><a><i class=\"fa fa-check-circle-o\"><\/i> 30 a\u00f1os de experiencia<\/a><\/li>\n<li><a><i class=\"fa fa-check-circle-o\"><\/i> 400 clientes satisfechos<\/a><\/li>\n<li><a><i class=\"fa fa-check-circle-o\"><\/i> 40.000 Proveedores<\/a><\/li>\n<li><a><i class=\"fa fa-check-circle-o\"><\/i> 20.000 Proyectos Realizados<\/a><\/li>\n<li><a><i class=\"fa fa-check-circle-o\"><\/i> 25 empleados<\/a><\/li>\n<\/ul>\n<\/div>\n<p>[\/vc_column_text][\/vc_column_inner][vc_column_inner width=&#8221;1\/3&#8243; css=&#8221;.vc_custom_1492575796003{border-top-width: 1px !important;border-right-width: 1px !important;border-bottom-width: 1px !important;border-left-width: 1px !important;padding-top: 30px !important;border-left-color: #f4f4f4 !important;border-left-style: solid !important;border-right-color: #f4f4f4 !important;border-right-style: solid !important;border-top-color: #f4f4f4 !important;border-top-style: solid !important;border-bottom-color: #f4f4f4 !important;border-bottom-style: solid !important;}&#8221;][vc_column_text]<\/p>\n<h4 style=\"font-size: 20px; font-weight: 600; color: #222; margin-top: 0; margin-bottom: 25px;\">\u00bfQu\u00e9 hacemos?<\/h4>\n<p style=\"color: #212121;\">Marex Distribuci\u00f3n ofrece soluciones industriales y de ingenier\u00eda para cualquier tipo de producto industrial que se necesite en la f\u00e1brica y en la l\u00ednea de producci\u00f3n.<\/p>\n<p style=\"color: #212121;\">Asistimos a empresas de todos los sectores industriales y tecnolog\u00edas, desde la automoci\u00f3n y los materiales de construcci\u00f3n hasta la miner\u00eda, la alimentaci\u00f3n y la industria. bebida, aceite y gas, acer\u00edas e ingenier\u00eda qu\u00edmica. Y al hacerlo, podemos suministrar sistemas y l\u00edneas de producci\u00f3n, equipos de m\u00e1quinas, instrumentos, herramientas, MRO y piezas OEM.<\/p>\n<p style=\"color: #212121;\">Suministramos una gama completa de equipos industriales y conectamos su empresa con los fabricantes de Europa y de todo el mundo.<\/p>\n<p style=\"color: #212121;\">Nos dedicamos a establecer estrechas relaciones tanto con clientes como con proveedores. Ofrecemos productos de alta calidad y somos el representante oficial de los l\u00edderes del mercado mundial en una variedad de aplicaciones industriales.<\/p>\n<p>[\/vc_column_text][\/vc_column_inner][vc_column_inner width=&#8221;1\/3&#8243; css=&#8221;.vc_custom_1536809802717{border-top-width: 1px !important;border-right-width: 1px !important;border-bottom-width: 1px !important;border-left-width: 1px !important;padding-top: 30px !important;border-left-color: #f4f4f4 !important;border-left-style: solid !important;border-right-color: #f4f4f4 !important;border-right-style: solid !important;border-top-color: #f4f4f4 !important;border-top-style: solid !important;border-bottom-color: #f4f4f4 !important;border-bottom-style: solid !important;}&#8221;][vc_column_text]<\/p>\n<h4 style=\"font-size: 20px; font-weight: 600; color: #222; margin-top: 0; margin-bottom: 25px;\">\u00bfLo que ofrecemos?<\/h4>\n<div class=\"fh-service-list \">\n<ul>\n<li><a><i class=\"fa fa-check-circle-o\"><\/i> Acceso a experiencia t\u00e9cnica y conocimiento excepcional del producto<\/a><\/li>\n<li><a><i class=\"fa fa-check-circle-o\"><\/i> Soporte t\u00e9cnico de nuestros fabricantes.<\/a><\/li>\n<li><a><i class=\"fa fa-check-circle-o\"><\/i> Fuente \u00fanica para toda su demanda de repuestos<\/a><\/li>\n<li><a><i class=\"fa fa-check-circle-o\"><\/i> Garant\u00eda de calidad y trazabilidad<\/a><\/li>\n<li><a><i class=\"fa fa-check-circle-o\"><\/i> Representante oficial de fabricantes de renombre<\/a><\/li>\n<li><a><i class=\"fa fa-check-circle-o\"><\/i>Mayor eficiencia de producci\u00f3n y reducci\u00f3n del tiempo de inactividad<\/a><\/li>\n<li><a><i class=\"fa fa-check-circle-o\"><\/i> Asesoramiento en cumplimiento y seguridad<\/a><\/li>\n<li><a><i class=\"fa fa-check-circle-o\"><\/i> Costos de adquisici\u00f3n reducidos debido a una amplia cartera de productos y precios competitivos a trav\u00e9s de un alto volumen de compras<\/a><\/li>\n<\/ul>\n<\/div>\n<p>[\/vc_column_text][\/vc_column_inner][\/vc_row_inner][\/vc_column][\/vc_row][vc_row css=&#8221;.vc_custom_1492585914400{padding-bottom: 80px !important;}&#8221;][vc_column]<div class=\"fh-section-title clearfix  text-center style-1\">\n                <h2>Marcas de suministro<\/h2>\n            <\/div>[vc_empty_space height=&#8221;50px&#8221;]<div class=\"fh-partner clearfix \">\n\t\t\t\t<div class=\"list-item\"><div class=\"partner-item\">\n\t\t\t\t\t\t\t<div class=\"partner-content\"><a  target=\"_self\" ><img alt=\"2880\"  src=\"https:\/\/www.marex-distribution.com\/media\/ABB-logo.png\"><\/a><\/div>\n\t\t\t\t\t\t<\/div><div class=\"partner-item\">\n\t\t\t\t\t\t\t<div class=\"partner-content\"><a  target=\"_self\" ><img alt=\"2882\"  src=\"https:\/\/www.marex-distribution.com\/media\/Festo-logo.png\"><\/a><\/div>\n\t\t\t\t\t\t<\/div><div class=\"partner-item\">\n\t\t\t\t\t\t\t<div class=\"partner-content\"><a  target=\"_self\" ><img alt=\"2885\"  src=\"https:\/\/www.marex-distribution.com\/media\/3M-logo.png\"><\/a><\/div>\n\t\t\t\t\t\t<\/div><div class=\"partner-item\">\n\t\t\t\t\t\t\t<div class=\"partner-content\"><a  target=\"_self\" ><img alt=\"2887\"  src=\"https:\/\/www.marex-distribution.com\/media\/Emerson-logo.png\"><\/a><\/div>\n\t\t\t\t\t\t<\/div><div class=\"partner-item\">\n\t\t\t\t\t\t\t<div class=\"partner-content\"><a  target=\"_self\" ><img alt=\"2889\"  src=\"https:\/\/www.marex-distribution.com\/media\/Siemens-logo.png\"><\/a><\/div>\n\t\t\t\t\t\t<\/div><div class=\"partner-item\">\n\t\t\t\t\t\t\t<div class=\"partner-content\"><a  target=\"_self\" ><img alt=\"2890\"  src=\"https:\/\/www.marex-distribution.com\/media\/Allen-Bradley-logo.png\"><\/a><\/div>\n\t\t\t\t\t\t<\/div><div class=\"partner-item\">\n\t\t\t\t\t\t\t<div class=\"partner-content\"><a  target=\"_self\" ><img alt=\"2948\"  src=\"https:\/\/www.marex-distribution.com\/media\/Gruppe-Schneider-logo.jpg\"><\/a><\/div>\n\t\t\t\t\t\t<\/div><div class=\"partner-item\">\n\t\t\t\t\t\t\t<div class=\"partner-content\"><a  target=\"_self\" ><img alt=\"2949\"  src=\"https:\/\/www.marex-distribution.com\/media\/Endress-Hauser-logo.png\"><\/a><\/div>\n\t\t\t\t\t\t<\/div><div class=\"partner-item\">\n\t\t\t\t\t\t\t<div class=\"partner-content\"><a  target=\"_self\" ><img alt=\"2950\"  src=\"https:\/\/www.marex-distribution.com\/media\/Rittal-logo.png\"><\/a><\/div>\n\t\t\t\t\t\t<\/div><div class=\"partner-item\">\n\t\t\t\t\t\t\t<div class=\"partner-content\"><a  target=\"_self\" ><img alt=\"2951\"  src=\"https:\/\/www.marex-distribution.com\/media\/SEW-logo.png\"><\/a><\/div>\n\t\t\t\t\t\t<\/div><div class=\"partner-item\">\n\t\t\t\t\t\t\t<div class=\"partner-content\"><a  target=\"_self\" ><img alt=\"2955\"  src=\"https:\/\/www.marex-distribution.com\/media\/GE-Fanuc-logo.png\"><\/a><\/div>\n\t\t\t\t\t\t<\/div><\/div>\n\t\t\t<\/div>[\/vc_column][\/vc_row][vc_row css=&#8221;.vc_custom_1684451061742{padding-top: 65px !important;padding-bottom: 75px !important;background: #04192b url(https:\/\/www.marex-distribution.com\/media\/testi-bg-2.jpg?id=2657) !important;}&#8221; el_id=&#8221;contact&#8221;][vc_column][vc_row_inner css=&#8221;.vc_custom_1684499407496{padding-bottom: 10px !important;}&#8221;][vc_column_inner width=&#8221;1\/4&#8243;]<div class=\"fh-section-title clearfix  text-left style-2\">\n                <h2>Solicitar presupuesto<\/h2>\n            <\/div>[\/vc_column_inner][vc_column_inner width=&#8221;2\/3&#8243;][vc_column_text]<\/p>\n<p style=\"font-size: 20px; font-weight: 300; color: #fff;\">Hacemos todo lo posible para garantizar el flujo perfecto entre clientes y proveedores, y nos enorgullecemos de nuestra tradici\u00f3n de establecer asociaciones a largo plazo.<\/p>\n<p>[\/vc_column_text][\/vc_column_inner][vc_column_inner width=&#8221;1\/12&#8243;][\/vc_column_inner][\/vc_row_inner][vc_row_inner content_placement=&#8221;top&#8221; gap=&#8221;30&#8243; css=&#8221;.vc_custom_1538676224804{margin-top: 45px !important;}&#8221;][vc_column_inner width=&#8221;1\/3&#8243;][vc_column_text css=&#8221;.vc_custom_1684499451462{padding-top: 0px !important;padding-bottom: 30px !important;}&#8221;]<\/p>\n<div><span class=\"main-color\" style=\"font-size: 20px; padding-right: 10px;\">Para negocios:<\/span> \u00bfTiene preguntas sobre c\u00f3mo Marex Distribuci\u00f3n puede ayudar a su empresa? Env\u00edanos un email y nos pondremos en contacto en breve, o ll\u00e1manos al (+40) 729 424 444 de lunes a viernes de 09:00 a 17:00 horas, estaremos encantados de atenderte.<\/div>\n<p>&nbsp;[\/vc_column_text][vc_column_text]<\/p>\n<div><span class=\"main-color\" style=\"font-size: 20px; padding-right: 10px;\">Nota:<\/span>Sus datos se mantienen estrictamente confidenciales seg\u00fan la <a style=\"color: #ccc;\" href=\"https:\/\/www.marex-distribution.com\/privacy-policy\/\" rel=\"nofollow\">Pol\u00edtica de privacidad<\/a> de nuestra empresa.<\/div>\n<p>[\/vc_column_text][\/vc_column_inner][vc_column_inner width=&#8221;2\/3&#8243;]\n<div class=\"wpcf7 no-js\" id=\"wpcf7-f65-o1\" lang=\"en-US\" dir=\"ltr\">\n<div class=\"screen-reader-response\"><p role=\"status\" aria-live=\"polite\" aria-atomic=\"true\"><\/p> <ul><\/ul><\/div>\n<form action=\"\/es\/wp-json\/wp\/v2\/pages\/3730#wpcf7-f65-o1\" method=\"post\" class=\"wpcf7-form init\" aria-label=\"Contact form\" novalidate=\"novalidate\" data-status=\"init\">\n<div style=\"display: none;\">\n<input type=\"hidden\" name=\"_wpcf7\" value=\"65\" \/>\n<input type=\"hidden\" name=\"_wpcf7_version\" value=\"5.7.7\" \/>\n<input type=\"hidden\" name=\"_wpcf7_locale\" value=\"en_US\" \/>\n<input type=\"hidden\" name=\"_wpcf7_unit_tag\" value=\"wpcf7-f65-o1\" \/>\n<input type=\"hidden\" name=\"_wpcf7_container_post\" value=\"0\" \/>\n<input type=\"hidden\" name=\"_wpcf7_posted_data_hash\" value=\"\" \/>\n<\/div>\n<div class=\"fh-form fh-form-2\">\n\t<p class=\"field first-row\"><span class=\"wpcf7-form-control-wrap\" data-name=\"your-name\"><input size=\"40\" class=\"wpcf7-form-control wpcf7-text wpcf7-validates-as-required\" aria-required=\"true\" aria-invalid=\"false\" placeholder=\"Name*\" value=\"\" type=\"text\" name=\"your-name\" \/><\/span>\n\t<\/p>\n\t<p class=\"field last-row\"><span class=\"wpcf7-form-control-wrap\" data-name=\"company-name\"><input size=\"40\" class=\"wpcf7-form-control wpcf7-text wpcf7-validates-as-required\" aria-required=\"true\" aria-invalid=\"false\" placeholder=\"Company*\" value=\"\" type=\"text\" name=\"company-name\" \/><\/span>\n\t<\/p>\n\t<p class=\"field first-row\"><span class=\"wpcf7-form-control-wrap\" data-name=\"your-email\"><input size=\"40\" class=\"wpcf7-form-control wpcf7-text wpcf7-email wpcf7-validates-as-required wpcf7-validates-as-email\" aria-required=\"true\" aria-invalid=\"false\" placeholder=\"Email*\" value=\"\" type=\"email\" name=\"your-email\" \/><\/span>\n\t<\/p>\n\t<p class=\"field last-row\"><span class=\"wpcf7-form-control-wrap\" data-name=\"your-subject\"><select class=\"wpcf7-form-control wpcf7-select\" aria-invalid=\"false\" name=\"your-subject\"><option value=\"Subject of enquiry\">Subject of enquiry<\/option><option value=\"Supplier demanding customers\">Supplier demanding customers<\/option><option value=\"Customer looking for suppliers\">Customer looking for suppliers<\/option><option value=\"Something else\">Something else<\/option><\/select><\/span>\n\t<\/p>\n\t<p class=\"field single-field\"><span class=\"wpcf7-form-control-wrap\" data-name=\"your-message\"><textarea cols=\"40\" rows=\"10\" class=\"wpcf7-form-control wpcf7-textarea\" aria-invalid=\"false\" placeholder=\"Your message\" name=\"your-message\"><\/textarea><\/span>\n\t<\/p>\n\t<p class=\"field submit\"><input class=\"wpcf7-form-control has-spinner wpcf7-submit fh-btn\" type=\"submit\" value=\"Submit\" \/>\n\t<\/p>\n<\/div><div class=\"wpcf7-response-output\" aria-hidden=\"true\"><\/div>\n<\/form>\n<\/div>\n[\/vc_column_inner][\/vc_row_inner][\/vc_column][\/vc_row][vc_row css=&#8221;.vc_custom_1684451046563{padding-top: 80px !important;padding-bottom: 80px !important;background-image: url(https:\/\/www.marex-distribution.com\/media\/request-bg-1.jpg?id=27) !important;}&#8221; el_id=&#8221;products&#8221;][vc_column]<div class=\"fh-section-title clearfix  text-center style-1\">\n                <h2>Productos<\/h2>\n            <\/div>[vc_empty_space height=&#8221;50px&#8221;]<div class=\"woocommerce columns-4 \"><\/div>[\/vc_column][\/vc_row][vc_row enable_parallax=&#8221;yes&#8221; css=&#8221;.vc_custom_1536812947110{padding-top: 75px !important;padding-bottom: 75px !important;background-image: url(https:\/\/www.marex-distribution.com\/media\/text-bg-2.jpg?id=2658) !important;}&#8221;][vc_column][vc_column_text]<\/p>\n<p style=\"color: #04192b; font-size: 30px; font-weight: 300; text-align: center; width: 74%; margin: 0 auto;\">No importa a qu\u00e9 tipo de sector industrial se dirija, podemos ayudarlo.<br \/>\n<a style=\"border-bottom: 1px solid #e62234;\" href=\"#contact\" rel=\"m_PageScroll2id\">P\u00f3ngase en contacto hoy!<\/a>[\/vc_column_text][\/vc_column][\/vc_row]<\/p>\n<\/section>","protected":false},"excerpt":{"rendered":"<p>[vc_row full_width=&#8221;stretch_row_content_no_spaces&#8221; el_id=&#8221;home&#8221;][vc_column][rev_slider_vc alias=&#8221;slider_11&#8243;][\/vc_column][\/vc_row][vc_row css=&#8221;.vc_custom_1536799169231{padding-top: 80px !important;padding-bottom: 80px !important;}&#8221; el_id=&#8221;sectors&#8221;][vc_column][vc_row_inner css=&#8221;.vc_custom_1490755267374{padding-bottom: 50px !important;}&#8221;][vc_column_inner width=&#8221;1\/4&#8243;][\/vc_column_inner][vc_column_inner width=&#8221;2\/3&#8243;][vc_column_text] M\u00e1s de 30 a\u00f1os de experiencia &amp; conocimiento de los sistemas industriales internacionales, dedicados a&hellip;<\/p>\n","protected":false},"author":1,"featured_media":3355,"parent":0,"menu_order":0,"comment_status":"closed","ping_status":"closed","template":"template-homepage.php","meta":[],"_links":{"self":[{"href":"https:\/\/www.marex-distribution.com\/es\/wp-json\/wp\/v2\/pages\/3730"}],"collection":[{"href":"https:\/\/www.marex-distribution.com\/es\/wp-json\/wp\/v2\/pages"}],"about":[{"href":"https:\/\/www.marex-distribution.com\/es\/wp-json\/wp\/v2\/types\/page"}],"author":[{"embeddable":true,"href":"https:\/\/www.marex-distribution.com\/es\/wp-json\/wp\/v2\/users\/1"}],"replies":[{"embeddable":true,"href":"https:\/\/www.marex-distribution.com\/es\/wp-json\/wp\/v2\/comments?post=3730"}],"version-history":[{"count":3,"href":"https:\/\/www.marex-distribution.com\/es\/wp-json\/wp\/v2\/pages\/3730\/revisions"}],"predecessor-version":[{"id":3733,"href":"https:\/\/www.marex-distribution.com\/es\/wp-json\/wp\/v2\/pages\/3730\/revisions\/3733"}],"wp:featuredmedia":[{"embeddable":true,"href":"https:\/\/www.marex-distribution.com\/es\/wp-json\/wp\/v2\/media\/3355"}],"wp:attachment":[{"href":"https:\/\/www.marex-distribution.com\/es\/wp-json\/wp\/v2\/media?parent=3730"}],"curies":[{"name":"wp","href":"https:\/\/api.w.org\/{rel}","templated":true}]}}