{"id":3665,"date":"2023-05-25T00:35:26","date_gmt":"2023-05-25T00:35:26","guid":{"rendered":"https:\/\/www.marex-distribution.com\/marex-distribution\/"},"modified":"2023-05-25T00:35:27","modified_gmt":"2023-05-25T00:35:27","slug":"marex-distribution","status":"publish","type":"page","link":"https:\/\/www.marex-distribution.com\/de\/","title":{"rendered":"Marex Distribution"},"content":{"rendered":"<section class=\"wpb-content-wrapper\"><p>[vc_row full_width=&#8221;stretch_row_content_no_spaces&#8221; el_id=&#8221;home&#8221;][vc_column][rev_slider_vc alias=&#8221;slider_11&#8243;][\/vc_column][\/vc_row][vc_row css=&#8221;.vc_custom_1536799169231{padding-top: 80px !important;padding-bottom: 80px !important;}&#8221; el_id=&#8221;sectors&#8221;][vc_column][vc_row_inner css=&#8221;.vc_custom_1490755267374{padding-bottom: 50px !important;}&#8221;][vc_column_inner width=&#8221;1\/4&#8243;]<div class=\"fh-section-title clearfix  text-left style-1\">\n                <h2>Unsere Dienstleistungen<\/h2>\n            <\/div>[\/vc_column_inner][vc_column_inner width=&#8221;2\/3&#8243;][vc_column_text]<\/p>\n<p style=\"font-size: 20px; font-weight: 300;\">\u00dcber 30 Jahre Erfahrung &amp; Wir verf\u00fcgen \u00fcber Kenntnisse internationaler Industriesysteme und sind bestrebt, unseren gesch\u00e4tzten Kunden die besten wirtschaftlichen L\u00f6sungen anzubieten.<\/p>\n<p>[\/vc_column_text][\/vc_column_inner][vc_column_inner width=&#8221;1\/12&#8243;][\/vc_column_inner][\/vc_row_inner][vc_row_inner][vc_column_inner]<div class=\"fh-service  service-carousel\">\n                <div class=\"service-list \" id=\"service-slider-69e01e8581943\"><div class=\"item-service \">\n\t\t\t\t\t<div class=\"service-content\">\n\t\t\t\t\t\t<div class=\"entry-thumbnail\">\n\t\t\t\t\t\t\t<div class=\"overlay\" style=\"background-color:rgba(230,34,52,0.8)\"><\/div>\n\t\t\t\t\t\t\t<!-- <a href=\"https:\/\/www.marex-distribution.com\/de\/service\/chemieingenieurwesen\/\"><\/a> -->\n\t\t\t\t\t\t\t<img width=\"270\" height=\"170\" src=\"https:\/\/www.marex-distribution.com\/media\/service2.jpg\" class=\"attachment-factoryhub-blog-grid-3-thumb size-factoryhub-blog-grid-3-thumb wp-post-image\" alt=\"\" decoding=\"async\" loading=\"lazy\" \/>\n\t\t\t\t\t\t<\/div>\n\t\t\t\t\t\t<h2 class=\"entry-title\"><a class=\"https:\/\/www.marex-distribution.com\/de\/service\/chemieingenieurwesen\/\" style=\"display:none;\"><\/a>Chemieingenieurwesen<\/h2>\n\t\t\t\t\t\t<p>Chemieingenieurwesen ist eine Disziplin, die zahlreiche Bereiche der Technik beeinflusst. Im Gro\u00dfen und Ganzen konzipieren und entwerfen Chemieingenieure Prozesse zur Herstellung, Umwandlung und zum Transport von Materialien \u2013 beginnend mit Experimenten im Labor, gefolgt von der Umsetzung der Technologie in die Massenproduktion.<\/p>\n\t\t\t\t\t<\/div>\n\t\t\t\t<\/div><div class=\"item-service \">\n\t\t\t\t\t<div class=\"service-content\">\n\t\t\t\t\t\t<div class=\"entry-thumbnail\">\n\t\t\t\t\t\t\t<div class=\"overlay\" style=\"background-color:rgba(230,34,52,0.8)\"><\/div>\n\t\t\t\t\t\t\t<!-- <a href=\"https:\/\/www.marex-distribution.com\/de\/service\/material-engineering\/\"><\/a> -->\n\t\t\t\t\t\t\t<img width=\"270\" height=\"170\" src=\"https:\/\/www.marex-distribution.com\/media\/service3.jpg\" class=\"attachment-factoryhub-blog-grid-3-thumb size-factoryhub-blog-grid-3-thumb wp-post-image\" alt=\"\" decoding=\"async\" loading=\"lazy\" \/>\n\t\t\t\t\t\t<\/div>\n\t\t\t\t\t\t<h2 class=\"entry-title\"><a class=\"https:\/\/www.marex-distribution.com\/de\/service\/material-engineering\/\" style=\"display:none;\"><\/a>Material Engineering<\/h2>\n\t\t\t\t\t\t<p>Neue Materialien geh\u00f6ren seit Beginn der Geschichte zu den gr\u00f6\u00dften Errungenschaften aller Zeiten und sind von zentraler Bedeutung f\u00fcr Wohlstand, Sicherheit und Lebensqualit\u00e4t. Sie \u00f6ffnen die T\u00fcr zu neuen Technologien, sei es in der Chemie-, Bau-, Nuklear-, Luftfahrt-, Agrar-, Maschinen-, Biomedizin- oder Elektrotechnik.<\/p>\n\t\t\t\t\t<\/div>\n\t\t\t\t<\/div><div class=\"item-service \">\n\t\t\t\t\t<div class=\"service-content\">\n\t\t\t\t\t\t<div class=\"entry-thumbnail\">\n\t\t\t\t\t\t\t<div class=\"overlay\" style=\"background-color:rgba(230,34,52,0.8)\"><\/div>\n\t\t\t\t\t\t\t<!-- <a href=\"https:\/\/www.marex-distribution.com\/de\/service\/automobilindustrie\/\"><\/a> -->\n\t\t\t\t\t\t\t<img width=\"370\" height=\"230\" src=\"https:\/\/www.marex-distribution.com\/media\/automotive-industry-370x230.jpg\" class=\"attachment-factoryhub-blog-grid-3-thumb size-factoryhub-blog-grid-3-thumb wp-post-image\" alt=\"\" decoding=\"async\" loading=\"lazy\" \/>\n\t\t\t\t\t\t<\/div>\n\t\t\t\t\t\t<h2 class=\"entry-title\"><a class=\"https:\/\/www.marex-distribution.com\/de\/service\/automobilindustrie\/\" style=\"display:none;\"><\/a>Automobilindustrie<\/h2>\n\t\t\t\t\t\t<p>Die Automobilindustrie umfasst eine Vielzahl von Unternehmen und Organisationen, die sich mit der Konstruktion, Entwicklung, Herstellung, Vermarktung und dem Verkauf von Kraftfahrzeugen befassen. Es handelt sich um einen der wichtigsten Wirtschaftszweige der Welt und erstreckt sich auch auf die Wartung durch die Bereitstellung von Autoteilen und anderen Dienstleistungen.<\/p>\n\t\t\t\t\t<\/div>\n\t\t\t\t<\/div><div class=\"item-service \">\n\t\t\t\t\t<div class=\"service-content\">\n\t\t\t\t\t\t<div class=\"entry-thumbnail\">\n\t\t\t\t\t\t\t<div class=\"overlay\" style=\"background-color:rgba(230,34,52,0.8)\"><\/div>\n\t\t\t\t\t\t\t<!-- <a href=\"https:\/\/www.marex-distribution.com\/de\/service\/maschinenbau\/\"><\/a> -->\n\t\t\t\t\t\t\t<img width=\"270\" height=\"170\" src=\"https:\/\/www.marex-distribution.com\/media\/service5.jpg\" class=\"attachment-factoryhub-blog-grid-3-thumb size-factoryhub-blog-grid-3-thumb wp-post-image\" alt=\"\" decoding=\"async\" loading=\"lazy\" \/>\n\t\t\t\t\t\t<\/div>\n\t\t\t\t\t\t<h2 class=\"entry-title\"><a class=\"https:\/\/www.marex-distribution.com\/de\/service\/maschinenbau\/\" style=\"display:none;\"><\/a>Maschinenbau<\/h2>\n\t\t\t\t\t\t<p>Der Maschinenbau ist ein Wissenschaftszweig, der physikalische und Biowissenschaften zur Herstellung und Nutzung von Chemikalien, Materialien und Energie anwendet. Ingenieure entwerfen Produktionsanlagen, Industrieanlagen und -maschinen, Heiz- und K\u00fchlsysteme, Transportsysteme, Flugzeuge, Robotik und medizinische Ger\u00e4te.<\/p>\n\t\t\t\t\t<\/div>\n\t\t\t\t<\/div><div class=\"item-service \">\n\t\t\t\t\t<div class=\"service-content\">\n\t\t\t\t\t\t<div class=\"entry-thumbnail\">\n\t\t\t\t\t\t\t<div class=\"overlay\" style=\"background-color:rgba(230,34,52,0.8)\"><\/div>\n\t\t\t\t\t\t\t<!-- <a href=\"https:\/\/www.marex-distribution.com\/de\/service\/erdoel-und-gas\/\"><\/a> -->\n\t\t\t\t\t\t\t<img width=\"270\" height=\"170\" src=\"https:\/\/www.marex-distribution.com\/media\/service6.jpg\" class=\"attachment-factoryhub-blog-grid-3-thumb size-factoryhub-blog-grid-3-thumb wp-post-image\" alt=\"\" decoding=\"async\" loading=\"lazy\" \/>\n\t\t\t\t\t\t<\/div>\n\t\t\t\t\t\t<h2 class=\"entry-title\"><a class=\"https:\/\/www.marex-distribution.com\/de\/service\/erdoel-und-gas\/\" style=\"display:none;\"><\/a>Erd\u00f6l und Gas<\/h2>\n\t\t\t\t\t\t<p>Die Erd\u00f6lindustrie, besser bekannt als \u00d6l- und Gasindustrie, ist einer der gr\u00f6\u00dften Industriezweige der Welt und befasst sich mit den komplexen Prozessen der Exploration, F\u00f6rderung, Raffinierung, des Transports (oft durch \u00d6ltanker und Pipelines) und der Vermarktung (Verkauf). und Vertrieb) von Erd\u00f6lprodukten.<\/p>\n\t\t\t\t\t<\/div>\n\t\t\t\t<\/div><div class=\"item-service \">\n\t\t\t\t\t<div class=\"service-content\">\n\t\t\t\t\t\t<div class=\"entry-thumbnail\">\n\t\t\t\t\t\t\t<div class=\"overlay\" style=\"background-color:rgba(230,34,52,0.8)\"><\/div>\n\t\t\t\t\t\t\t<!-- <a href=\"https:\/\/www.marex-distribution.com\/de\/service\/kraft-und-energie\/\"><\/a> -->\n\t\t\t\t\t\t\t<img width=\"270\" height=\"170\" src=\"https:\/\/www.marex-distribution.com\/media\/service4.jpg\" class=\"attachment-factoryhub-blog-grid-3-thumb size-factoryhub-blog-grid-3-thumb wp-post-image\" alt=\"\" decoding=\"async\" loading=\"lazy\" \/>\n\t\t\t\t\t\t<\/div>\n\t\t\t\t\t\t<h2 class=\"entry-title\"><a class=\"https:\/\/www.marex-distribution.com\/de\/service\/kraft-und-energie\/\" style=\"display:none;\"><\/a>Kraft und Energie<\/h2>\n\t\t\t\t\t\t<p>Die Energiewirtschaft befasst sich mit der Produktion und dem Verkauf von Energie, einschlie\u00dflich der Gewinnung, Herstellung, Raffinierung und Verteilung von Brennstoffen. Moderne Gesellschaften verbrauchen gro\u00dfe Mengen an Treibstoff und die Energiewirtschaft ist in fast allen L\u00e4ndern ein entscheidender Teil der Infrastrukturerhaltung der Gesellschaft.<\/p>\n\t\t\t\t\t<\/div>\n\t\t\t\t<\/div><\/div>\n            <\/div>[\/vc_column_inner][\/vc_row_inner][\/vc_column][\/vc_row][vc_row enable_parallax=&#8221;yes&#8221; css=&#8221;.vc_custom_1536813032419{padding-top: 85px !important;padding-bottom: 85px !important;background-image: url(https:\/\/www.marex-distribution.com\/media\/bg-iconbox-1.jpg?id=1598) !important;}&#8221;][vc_column][vc_row_inner][vc_column_inner width=&#8221;1\/3&#8243;]<div class=\" fh-icon-box-4 dark-version icon-center\" style=\"background-image: url()\"> <span class=\"fh-icon\"><i class=\"factory-mechanic\"><\/i><\/span> <h4>F\u00fcr Lieferanten<\/h4><div class=\"desc\"><p>Wir sind ein wettbewerbsf\u00e4higer Partner f\u00fcr den Vertrieb jeglicher Art von Industrie- und Ingenieurl\u00f6sungen, der im Herzen des rum\u00e4nischen Marktes gut etabliert ist. Wir haben mit f\u00fchrenden internationalen Unternehmen zusammengearbeitet und eine solide und konstante Nachfrage nach Produkten und L\u00f6sungen entwickelt.<\/p>\n<\/div><a class=\"icon-box-link\" href=\"#about\" target=\"_self\">Lesen Sie mehr<i class=\"fa fa-long-arrow-right\" aria-hidden=\"true\"><\/i><\/a><\/div>[\/vc_column_inner][vc_column_inner width=&#8221;1\/3&#8243;]<div class=\" fh-icon-box-4 dark-version icon-center\" style=\"background-image: url()\"> <span class=\"fh-icon\"><i class=\"flaticon-mathematics\"><\/i><\/span> <h4>F\u00fcr K\u00e4ufer<\/h4><div class=\"desc\"><p>Wir verf\u00fcgen \u00fcber eine starke Erfolgsbilanz bei der L\u00f6sung von Problemen f\u00fcr Kunden aus den unterschiedlichsten Branchen, basierend auf einem klaren Verst\u00e4ndnis ihrer individuellen Bed\u00fcrfnisse. Wir sind ein universeller Lieferant aller Industrieprodukte und ein autorisierter Distributor f\u00fcr f\u00fchrende Markenbereiche in den meisten Branchen.<\/p>\n<\/div><a class=\"icon-box-link\" href=\"#about\" target=\"_self\">Lesen Sie mehr<i class=\"fa fa-long-arrow-right\" aria-hidden=\"true\"><\/i><\/a><\/div>[\/vc_column_inner][vc_column_inner width=&#8221;1\/3&#8243;]<div class=\" fh-icon-box-4 dark-version icon-center\" style=\"background-image: url()\"> <span class=\"fh-icon\"><i class=\"factory-quality\"><\/i><\/span> <h4>Qualit\u00e4tskontrolle<\/h4><div class=\"desc\"><p>Als Tochtergesellschaft der MR Group in Rum\u00e4nien teilen wir die Erfahrung aus \u00fcber drei Jahrzehnten der Arbeit mit Supply-Chain-L\u00f6sungen, um einen vollst\u00e4ndigen Materialfluss von \u00fcberall auf der Welt zu erm\u00f6glichen. Wir sind bestrebt, die beste Produktqualit\u00e4t und industrielle Dienstleistungen anzubieten.<\/p>\n<\/div><a class=\"icon-box-link\" href=\"#about\" target=\"_self\">Lesen Sie mehr<i class=\"fa fa-long-arrow-right\" aria-hidden=\"true\"><\/i><\/a><\/div>[\/vc_column_inner][\/vc_row_inner][\/vc_column][\/vc_row][vc_row css=&#8221;.vc_custom_1536804761409{padding-top: 70px !important;padding-bottom: 80px !important;}&#8221; el_id=&#8221;about&#8221;][vc_column]<div class=\"fh-section-title clearfix  text-center style-1\">\n                <h2>About Us<\/h2>\n            <\/div>[vc_row_inner equal_height=&#8221;yes&#8221; gap=&#8221;20&#8243; css=&#8221;.vc_custom_1536809853200{margin-top: 50px !important;}&#8221;][vc_column_inner width=&#8221;1\/3&#8243;][vc_single_image image=&#8221;170&#8243; img_size=&#8221;large&#8221; alignment=&#8221;center&#8221; css=&#8221;.vc_custom_1536813961131{margin-bottom: 25px !important;}&#8221;][vc_column_text]<\/p>\n<div class=\"fh-service-list \">\n<ul>\n<li><a><i class=\"fa fa-check-circle-o\"><\/i> 30 Jahre Erfahrung<\/a><\/li>\n<li><a><i class=\"fa fa-check-circle-o\"><\/i> 400 zufriedene Kunden<\/a><\/li>\n<li><a><i class=\"fa fa-check-circle-o\"><\/i> 40.000 Lieferanten<\/a><\/li>\n<li><a><i class=\"fa fa-check-circle-o\"><\/i> 20.000 abgeschlossene Projekte<\/a><\/li>\n<li><a><i class=\"fa fa-check-circle-o\"><\/i> 25 Mitarbeiter<\/a><\/li>\n<\/ul>\n<\/div>\n<p>[\/vc_column_text][\/vc_column_inner][vc_column_inner width=&#8221;1\/3&#8243; css=&#8221;.vc_custom_1492575796003{border-top-width: 1px !important;border-right-width: 1px !important;border-bottom-width: 1px !important;border-left-width: 1px !important;padding-top: 30px !important;border-left-color: #f4f4f4 !important;border-left-style: solid !important;border-right-color: #f4f4f4 !important;border-right-style: solid !important;border-top-color: #f4f4f4 !important;border-top-style: solid !important;border-bottom-color: #f4f4f4 !important;border-bottom-style: solid !important;}&#8221;][vc_column_text]<\/p>\n<h4 style=\"font-size: 20px; font-weight: 600; color: #222; margin-top: 0; margin-bottom: 25px;\">Was wir tun?<\/h4>\n<p style=\"color: #212121;\">Marex Distribution bietet technische und industrielle L\u00f6sungen f\u00fcr alle Arten von Industrieprodukten, die in der Fabrik und in der Produktionslinie ben\u00f6tigt werden.<\/p>\n<p style=\"color: #212121;\">Wir unterst\u00fctzen Unternehmen in allen Industriesektoren und Technologien, von der Automobil- und Baustoffindustrie bis hin zu Bergbau, Lebensmittel und Industrie. Getr\u00e4nke, \u00d6l &amp; Gas, Stahlwerke und Chemietechnik. Und dabei sind wir in der Lage, Produktionssysteme und -linien, Maschinenausr\u00fcstung, Instrumente, Werkzeuge, MRO- und OEM-Teile zu liefern.<\/p>\n<p style=\"color: #212121;\">Wir liefern ein komplettes Sortiment an Industrieausr\u00fcstung und verbinden Ihr Unternehmen mit Herstellern aus Europa und der ganzen Welt.<\/p>\n<p style=\"color: #212121;\">Wir sind bestrebt, enge Partnerschaften mit Kunden und Lieferanten aufzubauen. Wir liefern qualitativ hochwertige Produkte und sind der offizielle Vertreter globaler Marktf\u00fchrer in einer Vielzahl industrieller Anwendungen.<\/p>\n<p>[\/vc_column_text][\/vc_column_inner][vc_column_inner width=&#8221;1\/3&#8243; css=&#8221;.vc_custom_1536809802717{border-top-width: 1px !important;border-right-width: 1px !important;border-bottom-width: 1px !important;border-left-width: 1px !important;padding-top: 30px !important;border-left-color: #f4f4f4 !important;border-left-style: solid !important;border-right-color: #f4f4f4 !important;border-right-style: solid !important;border-top-color: #f4f4f4 !important;border-top-style: solid !important;border-bottom-color: #f4f4f4 !important;border-bottom-style: solid !important;}&#8221;][vc_column_text]<\/p>\n<h4 style=\"font-size: 20px; font-weight: 600; color: #222; margin-top: 0; margin-bottom: 25px;\">Was wir anbieten?<\/h4>\n<div class=\"fh-service-list \">\n<ul>\n<li><a><i class=\"fa fa-check-circle-o\"><\/i> Zugang zu technischem Fachwissen und au\u00dfergew\u00f6hnlichem Produktwissen<\/a><\/li>\n<li><a><i class=\"fa fa-check-circle-o\"><\/i> Technischer Support durch unsere Hersteller<\/a><\/li>\n<li><a><i class=\"fa fa-check-circle-o\"><\/i> Eine Quelle f\u00fcr Ihren gesamten Ersatzteilbedarf<\/a><\/li>\n<li><a><i class=\"fa fa-check-circle-o\"><\/i> Qualit\u00e4tssicherung und R\u00fcckverfolgbarkeit<\/a><\/li>\n<li><a><i class=\"fa fa-check-circle-o\"><\/i> Offizieller Vertreter namhafter Hersteller<\/a><\/li>\n<li><a><i class=\"fa fa-check-circle-o\"><\/i> Erh\u00f6hte Produktionseffizienz und reduzierte Ausfallzeiten<\/a><\/li>\n<li><a><i class=\"fa fa-check-circle-o\"><\/i> Beratung zu Compliance und Sicherheit<\/a><\/li>\n<li><a><i class=\"fa fa-check-circle-o\"><\/i> Reduzierte Beschaffungskosten durch ein umfangreiches Produktportfolio und wettbewerbsf\u00e4hige Preise durch hohes Einkaufsvolumen<\/a><\/li>\n<\/ul>\n<\/div>\n<p>[\/vc_column_text][\/vc_column_inner][\/vc_row_inner][\/vc_column][\/vc_row][vc_row css=&#8221;.vc_custom_1492585914400{padding-bottom: 80px !important;}&#8221;][vc_column]<div class=\"fh-section-title clearfix  text-center style-1\">\n                <h2>Liefermarken<\/h2>\n            <\/div>[vc_empty_space height=&#8221;50px&#8221;]<div class=\"fh-partner clearfix \">\n\t\t\t\t<div class=\"list-item\"><div class=\"partner-item\">\n\t\t\t\t\t\t\t<div class=\"partner-content\"><a  target=\"_self\" ><img alt=\"2880\"  src=\"https:\/\/www.marex-distribution.com\/media\/ABB-logo.png\"><\/a><\/div>\n\t\t\t\t\t\t<\/div><div class=\"partner-item\">\n\t\t\t\t\t\t\t<div class=\"partner-content\"><a  target=\"_self\" ><img alt=\"2882\"  src=\"https:\/\/www.marex-distribution.com\/media\/Festo-logo.png\"><\/a><\/div>\n\t\t\t\t\t\t<\/div><div class=\"partner-item\">\n\t\t\t\t\t\t\t<div class=\"partner-content\"><a  target=\"_self\" ><img alt=\"2885\"  src=\"https:\/\/www.marex-distribution.com\/media\/3M-logo.png\"><\/a><\/div>\n\t\t\t\t\t\t<\/div><div class=\"partner-item\">\n\t\t\t\t\t\t\t<div class=\"partner-content\"><a  target=\"_self\" ><img alt=\"2887\"  src=\"https:\/\/www.marex-distribution.com\/media\/Emerson-logo.png\"><\/a><\/div>\n\t\t\t\t\t\t<\/div><div class=\"partner-item\">\n\t\t\t\t\t\t\t<div class=\"partner-content\"><a  target=\"_self\" ><img alt=\"2889\"  src=\"https:\/\/www.marex-distribution.com\/media\/Siemens-logo.png\"><\/a><\/div>\n\t\t\t\t\t\t<\/div><div class=\"partner-item\">\n\t\t\t\t\t\t\t<div class=\"partner-content\"><a  target=\"_self\" ><img alt=\"2890\"  src=\"https:\/\/www.marex-distribution.com\/media\/Allen-Bradley-logo.png\"><\/a><\/div>\n\t\t\t\t\t\t<\/div><div class=\"partner-item\">\n\t\t\t\t\t\t\t<div class=\"partner-content\"><a  target=\"_self\" ><img alt=\"2948\"  src=\"https:\/\/www.marex-distribution.com\/media\/Gruppe-Schneider-logo.jpg\"><\/a><\/div>\n\t\t\t\t\t\t<\/div><div class=\"partner-item\">\n\t\t\t\t\t\t\t<div class=\"partner-content\"><a  target=\"_self\" ><img alt=\"2949\"  src=\"https:\/\/www.marex-distribution.com\/media\/Endress-Hauser-logo.png\"><\/a><\/div>\n\t\t\t\t\t\t<\/div><div class=\"partner-item\">\n\t\t\t\t\t\t\t<div class=\"partner-content\"><a  target=\"_self\" ><img alt=\"2950\"  src=\"https:\/\/www.marex-distribution.com\/media\/Rittal-logo.png\"><\/a><\/div>\n\t\t\t\t\t\t<\/div><div class=\"partner-item\">\n\t\t\t\t\t\t\t<div class=\"partner-content\"><a  target=\"_self\" ><img alt=\"2951\"  src=\"https:\/\/www.marex-distribution.com\/media\/SEW-logo.png\"><\/a><\/div>\n\t\t\t\t\t\t<\/div><div class=\"partner-item\">\n\t\t\t\t\t\t\t<div class=\"partner-content\"><a  target=\"_self\" ><img alt=\"2955\"  src=\"https:\/\/www.marex-distribution.com\/media\/GE-Fanuc-logo.png\"><\/a><\/div>\n\t\t\t\t\t\t<\/div><\/div>\n\t\t\t<\/div>[\/vc_column][\/vc_row][vc_row css=&#8221;.vc_custom_1684451061742{padding-top: 65px !important;padding-bottom: 75px !important;background: #04192b url(https:\/\/www.marex-distribution.com\/media\/testi-bg-2.jpg?id=2657) !important;}&#8221; el_id=&#8221;contact&#8221;][vc_column][vc_row_inner css=&#8221;.vc_custom_1684499407496{padding-bottom: 10px !important;}&#8221;][vc_column_inner width=&#8221;1\/4&#8243;]<div class=\"fh-section-title clearfix  text-left style-2\">\n                <h2>Fordern Sie ein Angebot an<\/h2>\n            <\/div>[\/vc_column_inner][vc_column_inner width=&#8221;2\/3&#8243;][vc_column_text]<\/p>\n<p style=\"font-size: 20px; font-weight: 300; color: #fff;\">Wir unternehmen gro\u00dfe Anstrengungen, um den perfekten Fluss zwischen Kunden und Lieferanten sicherzustellen, und sind stolz auf unsere Tradition, langfristige Partnerschaften aufzubauen.<\/p>\n<p>[\/vc_column_text][\/vc_column_inner][vc_column_inner width=&#8221;1\/12&#8243;][\/vc_column_inner][\/vc_row_inner][vc_row_inner content_placement=&#8221;top&#8221; gap=&#8221;30&#8243; css=&#8221;.vc_custom_1538676224804{margin-top: 45px !important;}&#8221;][vc_column_inner width=&#8221;1\/3&#8243;][vc_column_text css=&#8221;.vc_custom_1684499451462{padding-top: 0px !important;padding-bottom: 30px !important;}&#8221;]<\/p>\n<div><span class=\"main-color\" style=\"font-size: 20px; padding-right: 10px;\">F\u00fcr das Gesch\u00e4ft:<\/span> Haben Sie Fragen dazu, wie Marex Distribution Ihrem Unternehmen helfen kann? Senden Sie uns eine E-Mail und wir werden uns in K\u00fcrze mit Ihnen in Verbindung setzen, oder rufen Sie uns montags bis freitags zwischen 09:00 und 17:00 Uhr unter (+40) 729 424 444 an \u2013 wir w\u00fcrden uns freuen, mit Ihnen zu sprechen.<\/div>\n<p>&nbsp;[\/vc_column_text][vc_column_text]<\/p>\n<div><span class=\"main-color\" style=\"font-size: 20px; padding-right: 10px;\">Hinweis:<\/span>Ihre Daten werden gem\u00e4\u00df den <a style=\"color: #ccc;\" href=\"https:\/\/www.marex-distribution.com\/privacy-policy\/\" rel=\"nofollow\">Datenschutzerkl\u00e4rung<\/a> unseres Unternehmens streng vertraulich behandelt.<\/div>\n<p>[\/vc_column_text][\/vc_column_inner][vc_column_inner width=&#8221;2\/3&#8243;]\n<div class=\"wpcf7 no-js\" id=\"wpcf7-f65-o1\" lang=\"en-US\" dir=\"ltr\">\n<div class=\"screen-reader-response\"><p role=\"status\" aria-live=\"polite\" aria-atomic=\"true\"><\/p> <ul><\/ul><\/div>\n<form action=\"\/de\/wp-json\/wp\/v2\/pages\/3665#wpcf7-f65-o1\" method=\"post\" class=\"wpcf7-form init\" aria-label=\"Contact form\" novalidate=\"novalidate\" data-status=\"init\">\n<div style=\"display: none;\">\n<input type=\"hidden\" name=\"_wpcf7\" value=\"65\" \/>\n<input type=\"hidden\" name=\"_wpcf7_version\" value=\"5.7.7\" \/>\n<input type=\"hidden\" name=\"_wpcf7_locale\" value=\"en_US\" \/>\n<input type=\"hidden\" name=\"_wpcf7_unit_tag\" value=\"wpcf7-f65-o1\" \/>\n<input type=\"hidden\" name=\"_wpcf7_container_post\" value=\"0\" \/>\n<input type=\"hidden\" name=\"_wpcf7_posted_data_hash\" value=\"\" \/>\n<\/div>\n<div class=\"fh-form fh-form-2\">\n\t<p class=\"field first-row\"><span class=\"wpcf7-form-control-wrap\" data-name=\"your-name\"><input size=\"40\" class=\"wpcf7-form-control wpcf7-text wpcf7-validates-as-required\" aria-required=\"true\" aria-invalid=\"false\" placeholder=\"Name*\" value=\"\" type=\"text\" name=\"your-name\" \/><\/span>\n\t<\/p>\n\t<p class=\"field last-row\"><span class=\"wpcf7-form-control-wrap\" data-name=\"company-name\"><input size=\"40\" class=\"wpcf7-form-control wpcf7-text wpcf7-validates-as-required\" aria-required=\"true\" aria-invalid=\"false\" placeholder=\"Company*\" value=\"\" type=\"text\" name=\"company-name\" \/><\/span>\n\t<\/p>\n\t<p class=\"field first-row\"><span class=\"wpcf7-form-control-wrap\" data-name=\"your-email\"><input size=\"40\" class=\"wpcf7-form-control wpcf7-text wpcf7-email wpcf7-validates-as-required wpcf7-validates-as-email\" aria-required=\"true\" aria-invalid=\"false\" placeholder=\"Email*\" value=\"\" type=\"email\" name=\"your-email\" \/><\/span>\n\t<\/p>\n\t<p class=\"field last-row\"><span class=\"wpcf7-form-control-wrap\" data-name=\"your-subject\"><select class=\"wpcf7-form-control wpcf7-select\" aria-invalid=\"false\" name=\"your-subject\"><option value=\"Subject of enquiry\">Subject of enquiry<\/option><option value=\"Supplier demanding customers\">Supplier demanding customers<\/option><option value=\"Customer looking for suppliers\">Customer looking for suppliers<\/option><option value=\"Something else\">Something else<\/option><\/select><\/span>\n\t<\/p>\n\t<p class=\"field single-field\"><span class=\"wpcf7-form-control-wrap\" data-name=\"your-message\"><textarea cols=\"40\" rows=\"10\" class=\"wpcf7-form-control wpcf7-textarea\" aria-invalid=\"false\" placeholder=\"Your message\" name=\"your-message\"><\/textarea><\/span>\n\t<\/p>\n\t<p class=\"field submit\"><input class=\"wpcf7-form-control has-spinner wpcf7-submit fh-btn\" type=\"submit\" value=\"Submit\" \/>\n\t<\/p>\n<\/div><div class=\"wpcf7-response-output\" aria-hidden=\"true\"><\/div>\n<\/form>\n<\/div>\n[\/vc_column_inner][\/vc_row_inner][\/vc_column][\/vc_row][vc_row css=&#8221;.vc_custom_1684451046563{padding-top: 80px !important;padding-bottom: 80px !important;background-image: url(https:\/\/www.marex-distribution.com\/media\/request-bg-1.jpg?id=27) !important;}&#8221; el_id=&#8221;products&#8221;][vc_column]<div class=\"fh-section-title clearfix  text-center style-1\">\n                <h2>Produkte<\/h2>\n            <\/div>[vc_empty_space height=&#8221;50px&#8221;]<div class=\"woocommerce columns-4 \"><\/div>[\/vc_column][\/vc_row][vc_row enable_parallax=&#8221;yes&#8221; css=&#8221;.vc_custom_1536812947110{padding-top: 75px !important;padding-bottom: 75px !important;background-image: url(https:\/\/www.marex-distribution.com\/media\/text-bg-2.jpg?id=2658) !important;}&#8221;][vc_column][vc_column_text]<\/p>\n<p style=\"color: #04192b; font-size: 30px; font-weight: 300; text-align: center; width: 74%; margin: 0 auto;\">Ganz gleich, auf welche Industriebranche Sie abzielen, wir k\u00f6nnen Ihnen helfen.<br \/>\n<a style=\"border-bottom: 1px solid #e62234;\" href=\"#contact\" rel=\"m_PageScroll2id\">Nehmen Sie noch heute Kontakt mit uns auf!<\/a>[\/vc_column_text][\/vc_column][\/vc_row]<\/p>\n<\/section>","protected":false},"excerpt":{"rendered":"<p>[vc_row full_width=&#8221;stretch_row_content_no_spaces&#8221; el_id=&#8221;home&#8221;][vc_column][rev_slider_vc alias=&#8221;slider_11&#8243;][\/vc_column][\/vc_row][vc_row css=&#8221;.vc_custom_1536799169231{padding-top: 80px !important;padding-bottom: 80px !important;}&#8221; el_id=&#8221;sectors&#8221;][vc_column][vc_row_inner css=&#8221;.vc_custom_1490755267374{padding-bottom: 50px !important;}&#8221;][vc_column_inner width=&#8221;1\/4&#8243;][\/vc_column_inner][vc_column_inner width=&#8221;2\/3&#8243;][vc_column_text] \u00dcber 30 Jahre Erfahrung &amp; Wir verf\u00fcgen \u00fcber Kenntnisse internationaler Industriesysteme und sind bestrebt, unseren&hellip;<\/p>\n","protected":false},"author":1,"featured_media":3354,"parent":0,"menu_order":0,"comment_status":"closed","ping_status":"closed","template":"template-homepage.php","meta":[],"_links":{"self":[{"href":"https:\/\/www.marex-distribution.com\/de\/wp-json\/wp\/v2\/pages\/3665"}],"collection":[{"href":"https:\/\/www.marex-distribution.com\/de\/wp-json\/wp\/v2\/pages"}],"about":[{"href":"https:\/\/www.marex-distribution.com\/de\/wp-json\/wp\/v2\/types\/page"}],"author":[{"embeddable":true,"href":"https:\/\/www.marex-distribution.com\/de\/wp-json\/wp\/v2\/users\/1"}],"replies":[{"embeddable":true,"href":"https:\/\/www.marex-distribution.com\/de\/wp-json\/wp\/v2\/comments?post=3665"}],"version-history":[{"count":1,"href":"https:\/\/www.marex-distribution.com\/de\/wp-json\/wp\/v2\/pages\/3665\/revisions"}],"predecessor-version":[{"id":3666,"href":"https:\/\/www.marex-distribution.com\/de\/wp-json\/wp\/v2\/pages\/3665\/revisions\/3666"}],"wp:featuredmedia":[{"embeddable":true,"href":"https:\/\/www.marex-distribution.com\/de\/wp-json\/wp\/v2\/media\/3354"}],"wp:attachment":[{"href":"https:\/\/www.marex-distribution.com\/de\/wp-json\/wp\/v2\/media?parent=3665"}],"curies":[{"name":"wp","href":"https:\/\/api.w.org\/{rel}","templated":true}]}}